{"id":39,"date":"2023-01-16T13:14:25","date_gmt":"2023-01-16T13:14:25","guid":{"rendered":"https:\/\/thehimalayatreks.com\/about-us\/"},"modified":"2023-08-25T08:56:24","modified_gmt":"2023-08-25T08:56:24","slug":"a-propos-de-nous","status":"publish","type":"page","link":"https:\/\/thehimalayatreks.com\/fr\/about-us\/","title":{"rendered":"\u00c0 propos de nous"},"content":{"rendered":"<p>J'ai commenc\u00e9 ma carri\u00e8re dans le tourisme \u00e0 la fin de la vingtaine en tant que conseill\u00e8re en voyages. En tant que <strong>30 ans, v\u00e9t\u00e9ran du tourisme<\/strong>Je me distingue par mes techniques et mes comp\u00e9tences uniques dans le secteur. Tenue <strong>a juridique<\/strong> <strong>licence de guide de randonn\u00e9e<\/strong> La formation dispens\u00e9e par NATHAM (National Academy of Tourism and Hotel Management) a transform\u00e9 mon int\u00e9r\u00eat en passion.<\/p>\n\n\n\n<p>Titulaire d'un dipl\u00f4me universitaire, j'ai encha\u00een\u00e9 les succ\u00e8s en peu de temps dans ce secteur. I <strong>se sp\u00e9cialiser dans les destinations touristiques c\u00e9l\u00e8bres du N\u00e9pal<\/strong> tels que le <a href=\"https:\/\/basecamptrekannapurna.com\/\">R\u00e9gion de l'Annapurna<\/a>, le <a href=\"https:\/\/basecamptrekeverest.com\/\">R\u00e9gion de l'Everest<\/a>et d'autres r\u00e9gions de trekking.<\/p>\n\n\n\n<figure class=\"wp-block-image size-large\"><img loading=\"lazy\" decoding=\"async\" width=\"1024\" height=\"680\" src=\"https:\/\/thehimalayatreks.com\/wp-content\/uploads\/beautiful-first-light-from-sunrise-on-mount-kanchenjugha-himalayan-mountain-range-sikkim-india-orange-tint-on-the-mountains-at-dawn-stockpack-adobe-stock-1024x680.webp\" alt=\"Magnifique premi\u00e8re lumi\u00e8re du lever du soleil sur le mont Kanchenjugha, cha\u00eene de montagnes de l&#039;Himalaya, Sikkim, Inde. Teinte orang\u00e9e sur les montagnes \u00e0 l&#039;aube.\" class=\"wp-image-1161\" srcset=\"https:\/\/thehimalayatreks.com\/wp-content\/uploads\/\/beautiful-first-light-from-sunrise-on-mount-kanchenjugha-himalayan-mountain-range-sikkim-india-orange-tint-on-the-mountains-at-dawn-stockpack-adobe-stock-1024x680.webp 1024w, https:\/\/thehimalayatreks.com\/wp-content\/uploads\/\/beautiful-first-light-from-sunrise-on-mount-kanchenjugha-himalayan-mountain-range-sikkim-india-orange-tint-on-the-mountains-at-dawn-stockpack-adobe-stock-300x199.webp 300w, https:\/\/thehimalayatreks.com\/wp-content\/uploads\/\/beautiful-first-light-from-sunrise-on-mount-kanchenjugha-himalayan-mountain-range-sikkim-india-orange-tint-on-the-mountains-at-dawn-stockpack-adobe-stock-768x510.webp 768w, https:\/\/thehimalayatreks.com\/wp-content\/uploads\/\/beautiful-first-light-from-sunrise-on-mount-kanchenjugha-himalayan-mountain-range-sikkim-india-orange-tint-on-the-mountains-at-dawn-stockpack-adobe-stock-1536x1020.webp 1536w, https:\/\/thehimalayatreks.com\/wp-content\/uploads\/\/beautiful-first-light-from-sunrise-on-mount-kanchenjugha-himalayan-mountain-range-sikkim-india-orange-tint-on-the-mountains-at-dawn-stockpack-adobe-stock-2048x1360.webp 2048w, https:\/\/thehimalayatreks.com\/wp-content\/uploads\/\/beautiful-first-light-from-sunrise-on-mount-kanchenjugha-himalayan-mountain-range-sikkim-india-orange-tint-on-the-mountains-at-dawn-stockpack-adobe-stock-18x12.webp 18w, https:\/\/thehimalayatreks.com\/wp-content\/uploads\/\/beautiful-first-light-from-sunrise-on-mount-kanchenjugha-himalayan-mountain-range-sikkim-india-orange-tint-on-the-mountains-at-dawn-stockpack-adobe-stock-scaled.webp 1920w\" sizes=\"auto, (max-width: 1024px) 100vw, 1024px\" \/><figcaption class=\"wp-element-caption\">Vivre le lever du soleil dans l'Himalaya est une exp\u00e9rience unique.<\/figcaption><\/figure>\n\n\n\n<p>Nous sommes une entreprise locale \u00e9mergente de trekking et de tourisme avec <strong>14 ans d'exp\u00e9rience<\/strong>. Connu sous le nom de <strong>meilleur op\u00e9rateur de trekking<\/strong> dans la r\u00e9gion, nous sommes sp\u00e9cialis\u00e9s dans les trekkings, les circuits d'aventure et les exp\u00e9ditions au N\u00e9pal, au Tibet et au Bhoutan.<\/p>\n\n\n\n<p><strong>Les Treks de l'Himalaya<\/strong> est votre porte d'entr\u00e9e vers des aventures inoubliables dans le majestueux paysage himalayen. Des sommets imposants aux vall\u00e9es sereines, nos treks conduisent les aventuriers \u00e0 travers certains des terrains les plus \u00e9poustouflants du monde.<\/p>\n\n\n\n<p>Nous cherchons constamment \u00e0 d\u00e9couvrir de nouvelles destinations et proposons une vari\u00e9t\u00e9 d'activit\u00e9s, notamment l'escalade de sommets, le rafting, les aventures dans la nature, le v\u00e9lo de montagne et l'observation des oiseaux. Notre \u00e9quipe d'experts s'efforce de fournir des services efficaces, avec un souci constant d'efficacit\u00e9. <strong>l'accent mis sur le confort, la s\u00e9curit\u00e9 et la satisfaction du client<\/strong>.<\/p>\n\n\n\n<figure class=\"wp-block-image size-large\"><img decoding=\"async\" src=\"https:\/\/thehimalayatreks.com\/wp-content\/uploads\/gokyo-lake-everest-area-nepal-stockpack-adobe-stock-1024x687.webp\" alt=\"Lac Gokyo, r\u00e9gion de l&#039;Everest, N\u00e9pal\" class=\"wp-image-1164\"\/><figcaption class=\"wp-element-caption\">L'Himalaya abrite quelques-unes des attractions naturelles les plus pris\u00e9es au monde.<\/figcaption><\/figure>\n\n\n\n<p>Que vous exploriez <strong>Les sentiers renomm\u00e9s du N\u00e9pal<\/strong> ou s'aventurer sur des chemins moins connus, chaque voyage avec nous offre un m\u00e9lange de beaut\u00e9 naturelle, de richesse culturelle et de plaisir de la d\u00e9couverte.<\/p>\n\n\n\n<p>Avec nous, vous serez t\u00e9moin de vues \u00e9poustouflantes de la <strong>Cha\u00eene himalayenne<\/strong>, y compris l'imposant <strong>Mont Everest<\/strong>Vous pourrez ainsi vous immerger dans la culture et le mode de vie uniques du peuple sherpa. Bien que les sentiers pr\u00e9sentent des d\u00e9fis, tels que des pentes raides et des variations d'altitude, notre engagement \u00e0 l'\u00e9gard de votre aventure vous garantit une exp\u00e9rience enrichissante.<\/p>\n\n\n\n<p>Notre \u00e9quipe de <strong>des guides professionnels et exp\u00e9riment\u00e9s<\/strong> donne la priorit\u00e9 \u00e0 votre s\u00e9curit\u00e9 et \u00e0 votre plaisir, en vous guidant \u00e0 chaque \u00e9tape de ce voyage remarquable. Nous vous fournissons l'\u00e9quipement essentiel et nous organisons des repas nourrissants, <strong>nous nous occupons de tous les d\u00e9tails<\/strong>Vous pourrez ainsi profiter pleinement des paysages grandioses et de la culture vibrante de la r\u00e9gion.<\/p>\n\n\n\n<p>N'h\u00e9sitez pas \u00e0 <a href=\"https:\/\/thehimalayatreks.com\/fr\/\">d\u00e9couvrez nos aventures<\/a> pour une exp\u00e9rience unique \u00e0 bord de la <strong>Le toit du monde<\/strong>.<\/p>","protected":false},"excerpt":{"rendered":"<p>J'ai commenc\u00e9 ma carri\u00e8re dans le tourisme \u00e0 la fin de la vingtaine, en tant que conseill\u00e8re en voyages. En tant que v\u00e9t\u00e9ran du tourisme \u00e2g\u00e9 de 30 ans, je me distingue par mes techniques et mes comp\u00e9tences uniques dans le secteur. La licence l\u00e9gale de guide de randonn\u00e9e que j'ai obtenue aupr\u00e8s de NATHAM (National Academy of Tourism and Hotel Management) a transform\u00e9 mon int\u00e9r\u00eat en passion. En tant que ... <a href=\"https:\/\/thehimalayatreks.com\/fr\/about-us\/\">Suite<\/a><\/p>","protected":false},"author":39,"featured_media":0,"parent":0,"menu_order":0,"comment_status":"closed","ping_status":"closed","template":"","meta":{"_acf_changed":false,"footnotes":""},"class_list":["post-39","page","type-page","status-publish","hentry"],"acf":{"page_subheading":"The Himalaya Treks specializes in the best treks in Nepal and unforgettable adventures across the world's most majestic and inspiring mountain range."},"_links":{"self":[{"href":"https:\/\/thehimalayatreks.com\/fr\/wp-json\/wp\/v2\/pages\/39","targetHints":{"allow":["GET"]}}],"collection":[{"href":"https:\/\/thehimalayatreks.com\/fr\/wp-json\/wp\/v2\/pages"}],"about":[{"href":"https:\/\/thehimalayatreks.com\/fr\/wp-json\/wp\/v2\/types\/page"}],"author":[{"embeddable":true,"href":"https:\/\/thehimalayatreks.com\/fr\/wp-json\/wp\/v2\/users\/39"}],"replies":[{"embeddable":true,"href":"https:\/\/thehimalayatreks.com\/fr\/wp-json\/wp\/v2\/comments?post=39"}],"version-history":[{"count":12,"href":"https:\/\/thehimalayatreks.com\/fr\/wp-json\/wp\/v2\/pages\/39\/revisions"}],"predecessor-version":[{"id":1176,"href":"https:\/\/thehimalayatreks.com\/fr\/wp-json\/wp\/v2\/pages\/39\/revisions\/1176"}],"wp:attachment":[{"href":"https:\/\/thehimalayatreks.com\/fr\/wp-json\/wp\/v2\/media?parent=39"}],"curies":[{"name":"wp","href":"https:\/\/api.w.org\/{rel}","templated":true}]}}