{"id":39,"date":"2023-01-16T13:14:25","date_gmt":"2023-01-16T13:14:25","guid":{"rendered":"https:\/\/thehimalayatreks.com\/about-us\/"},"modified":"2023-08-25T08:56:24","modified_gmt":"2023-08-25T08:56:24","slug":"acerca-de-nosotros","status":"publish","type":"page","link":"https:\/\/thehimalayatreks.com\/es\/about-us\/","title":{"rendered":"Qui\u00e9nes somos"},"content":{"rendered":"<p>Empec\u00e9 mi carrera tur\u00edstica a finales de los veinte como asesora de viajes. Como <strong>Veterano del turismo de 30 a\u00f1os<\/strong>Destaco por mis t\u00e9cnicas y habilidades \u00fanicas en el sector. En <strong>a legal<\/strong> <strong>licencia de gu\u00eda de senderismo<\/strong> de NATHAM (National Academy of Tourism and Hotel Management) ha convertido mi inter\u00e9s en pasi\u00f3n.<\/p>\n\n\n\n<p>Como licenciada universitaria, he conseguido un \u00e9xito tras otro en poco tiempo en este sector. I <strong>especializarse en destinos tur\u00edsticos famosos de Nepal<\/strong> como el <a href=\"https:\/\/basecamptrekannapurna.com\/\">Regi\u00f3n de los Annapurnas<\/a>El <a href=\"https:\/\/basecamptrekeverest.com\/\">Regi\u00f3n del Everest<\/a>y otras regiones de senderismo.<\/p>\n\n\n\n<figure class=\"wp-block-image size-large\"><img loading=\"lazy\" decoding=\"async\" width=\"1024\" height=\"680\" src=\"https:\/\/thehimalayatreks.com\/wp-content\/uploads\/beautiful-first-light-from-sunrise-on-mount-kanchenjugha-himalayan-mountain-range-sikkim-india-orange-tint-on-the-mountains-at-dawn-stockpack-adobe-stock-1024x680.webp\" alt=\"Hermosa primera luz del amanecer en el monte Kanchenjugha, cordillera del Himalaya, Sikkim, India. Tinte anaranjado en las monta\u00f1as al amanecer.\" class=\"wp-image-1161\" srcset=\"https:\/\/thehimalayatreks.com\/wp-content\/uploads\/\/beautiful-first-light-from-sunrise-on-mount-kanchenjugha-himalayan-mountain-range-sikkim-india-orange-tint-on-the-mountains-at-dawn-stockpack-adobe-stock-1024x680.webp 1024w, https:\/\/thehimalayatreks.com\/wp-content\/uploads\/\/beautiful-first-light-from-sunrise-on-mount-kanchenjugha-himalayan-mountain-range-sikkim-india-orange-tint-on-the-mountains-at-dawn-stockpack-adobe-stock-300x199.webp 300w, https:\/\/thehimalayatreks.com\/wp-content\/uploads\/\/beautiful-first-light-from-sunrise-on-mount-kanchenjugha-himalayan-mountain-range-sikkim-india-orange-tint-on-the-mountains-at-dawn-stockpack-adobe-stock-768x510.webp 768w, https:\/\/thehimalayatreks.com\/wp-content\/uploads\/\/beautiful-first-light-from-sunrise-on-mount-kanchenjugha-himalayan-mountain-range-sikkim-india-orange-tint-on-the-mountains-at-dawn-stockpack-adobe-stock-1536x1020.webp 1536w, https:\/\/thehimalayatreks.com\/wp-content\/uploads\/\/beautiful-first-light-from-sunrise-on-mount-kanchenjugha-himalayan-mountain-range-sikkim-india-orange-tint-on-the-mountains-at-dawn-stockpack-adobe-stock-2048x1360.webp 2048w, https:\/\/thehimalayatreks.com\/wp-content\/uploads\/\/beautiful-first-light-from-sunrise-on-mount-kanchenjugha-himalayan-mountain-range-sikkim-india-orange-tint-on-the-mountains-at-dawn-stockpack-adobe-stock-18x12.webp 18w, https:\/\/thehimalayatreks.com\/wp-content\/uploads\/\/beautiful-first-light-from-sunrise-on-mount-kanchenjugha-himalayan-mountain-range-sikkim-india-orange-tint-on-the-mountains-at-dawn-stockpack-adobe-stock-scaled.webp 1920w\" sizes=\"auto, (max-width: 1024px) 100vw, 1024px\" \/><figcaption class=\"wp-element-caption\">Vivir el amanecer en el Himalaya es una experiencia \u00fanica<\/figcaption><\/figure>\n\n\n\n<p>Somos una empresa local emergente de trekking y turismo con <strong>14 a\u00f1os de experiencia<\/strong>. Conocido como el <strong>mejor operador de trekking<\/strong> en la regi\u00f3n, estamos especializados en paquetes de trekking, viajes de aventura y expediciones en Nepal, T\u00edbet y But\u00e1n.<\/p>\n\n\n\n<p><strong>Viajes al Himalaya<\/strong> es su puerta de entrada a aventuras inolvidables en el majestuoso paisaje del Himalaya. Desde los imponentes picos hasta los serenos valles, nuestros trekkings conducen a los aventureros por algunos de los terrenos m\u00e1s sobrecogedores del mundo.<\/p>\n\n\n\n<p>Buscamos constantemente descubrir nuevos destinos y ofrecemos una gran variedad de actividades, como escalada de cumbres, rafting, aventuras en la naturaleza, ciclismo de monta\u00f1a y observaci\u00f3n de aves. Nuestro equipo de expertos se dedica a prestar servicios eficientes, con un <strong>centrarse en el confort, la seguridad y la satisfacci\u00f3n del cliente<\/strong>.<\/p>\n\n\n\n<figure class=\"wp-block-image size-large\"><img decoding=\"async\" src=\"https:\/\/thehimalayatreks.com\/wp-content\/uploads\/gokyo-lake-everest-area-nepal-stockpack-adobe-stock-1024x687.webp\" alt=\"Lago Gokyo, zona del Everest, Nepal\" class=\"wp-image-1164\"\/><figcaption class=\"wp-element-caption\">Algunas de las atracciones naturales imprescindibles del mundo se encuentran en el Himalaya<\/figcaption><\/figure>\n\n\n\n<p>Tanto si explora <strong>Los famosos senderos de Nepal<\/strong> o aventurarse por caminos menos conocidos, cada viaje con nosotros ofrece una mezcla de belleza natural, riqueza cultural y la emoci\u00f3n del descubrimiento.<\/p>\n\n\n\n<p>Con nosotros, presenciar\u00e1 impresionantes vistas del <strong>Cordillera del Himalaya<\/strong>incluyendo el imponente <strong>Monte Everest<\/strong>y sum\u00e9rjase en la cultura y el estilo de vida \u00fanicos del pueblo sherpa. Aunque los senderos presentan desaf\u00edos, como pendientes pronunciadas y variaciones de altitud, nuestro compromiso con su aventura le garantiza una experiencia gratificante.<\/p>\n\n\n\n<p>Nuestro equipo de <strong>gu\u00edas experimentados y profesionales<\/strong> da prioridad a su seguridad y disfrute, gui\u00e1ndole en cada paso de este extraordinario viaje. Desde proporcionar el equipo esencial hasta organizar comidas nutritivas, <strong>nos ocupamos de todos los detalles<\/strong>El viaje le permitir\u00e1 disfrutar plenamente de los impresionantes paisajes y la vibrante cultura de la regi\u00f3n.<\/p>\n\n\n\n<p>No dude en <a href=\"https:\/\/thehimalayatreks.com\/es\/\">echa un vistazo a nuestras aventuras<\/a> para vivir una experiencia \u00fanica en el <strong>El Techo del Mundo<\/strong>.<\/p>","protected":false},"excerpt":{"rendered":"<p>Empec\u00e9 mi carrera en el sector tur\u00edstico a finales de la veintena como asesora de viajes. Como veterana del turismo de 30 a\u00f1os, destaco por mis t\u00e9cnicas y habilidades \u00fanicas en el sector. Poseo una licencia legal como gu\u00eda de senderismo de la NATHAM (Academia Nacional de Turismo y Gesti\u00f3n Hotelera) que ha convertido mi inter\u00e9s en pasi\u00f3n. Como ... <a href=\"https:\/\/thehimalayatreks.com\/es\/about-us\/\">Contin\u00faa en<\/a><\/p>","protected":false},"author":39,"featured_media":0,"parent":0,"menu_order":0,"comment_status":"closed","ping_status":"closed","template":"","meta":{"_acf_changed":false,"footnotes":""},"class_list":["post-39","page","type-page","status-publish","hentry"],"acf":{"page_subheading":"The Himalaya Treks specializes in the best treks in Nepal and unforgettable adventures across the world's most majestic and inspiring mountain range."},"_links":{"self":[{"href":"https:\/\/thehimalayatreks.com\/es\/wp-json\/wp\/v2\/pages\/39","targetHints":{"allow":["GET"]}}],"collection":[{"href":"https:\/\/thehimalayatreks.com\/es\/wp-json\/wp\/v2\/pages"}],"about":[{"href":"https:\/\/thehimalayatreks.com\/es\/wp-json\/wp\/v2\/types\/page"}],"author":[{"embeddable":true,"href":"https:\/\/thehimalayatreks.com\/es\/wp-json\/wp\/v2\/users\/39"}],"replies":[{"embeddable":true,"href":"https:\/\/thehimalayatreks.com\/es\/wp-json\/wp\/v2\/comments?post=39"}],"version-history":[{"count":12,"href":"https:\/\/thehimalayatreks.com\/es\/wp-json\/wp\/v2\/pages\/39\/revisions"}],"predecessor-version":[{"id":1176,"href":"https:\/\/thehimalayatreks.com\/es\/wp-json\/wp\/v2\/pages\/39\/revisions\/1176"}],"wp:attachment":[{"href":"https:\/\/thehimalayatreks.com\/es\/wp-json\/wp\/v2\/media?parent=39"}],"curies":[{"name":"wp","href":"https:\/\/api.w.org\/{rel}","templated":true}]}}