{"id":39,"date":"2023-01-16T13:14:25","date_gmt":"2023-01-16T13:14:25","guid":{"rendered":"https:\/\/thehimalayatreks.com\/about-us\/"},"modified":"2023-08-25T08:56:24","modified_gmt":"2023-08-25T08:56:24","slug":"uber-uns","status":"publish","type":"page","link":"https:\/\/thehimalayatreks.com\/de\/about-us\/","title":{"rendered":"\u00dcber uns"},"content":{"rendered":"<p>Ich begann meine berufliche Laufbahn im Tourismus mit Ende zwanzig als Reiseberaterin. Als <strong>30-j\u00e4hriger Tourismus-Veteran<\/strong>Ich zeichne mich durch meine einzigartigen Techniken und F\u00e4higkeiten in der Branche aus. Holding <strong>eine gesetzliche<\/strong> <strong>Lizenz als Trekkingf\u00fchrer<\/strong> Das Studium an der NATHAM (National Academy of Tourism and Hotel Management) hat mein Interesse in eine Leidenschaft verwandelt.<\/p>\n\n\n\n<p>Als Hochschulabsolventin habe ich in kurzer Zeit in dieser Branche einen Erfolg nach dem anderen erzielt. I <strong>sind spezialisiert auf ber\u00fchmte Reiseziele in Nepal<\/strong> wie zum Beispiel die <a href=\"https:\/\/basecamptrekannapurna.com\/\">Annapurna-Region<\/a>die <a href=\"https:\/\/basecamptrekeverest.com\/\">Everest-Region<\/a>und andere Trekkingregionen.<\/p>\n\n\n\n<figure class=\"wp-block-image size-large\"><img loading=\"lazy\" decoding=\"async\" width=\"1024\" height=\"680\" src=\"https:\/\/thehimalayatreks.com\/wp-content\/uploads\/beautiful-first-light-from-sunrise-on-mount-kanchenjugha-himalayan-mountain-range-sikkim-india-orange-tint-on-the-mountains-at-dawn-stockpack-adobe-stock-1024x680.webp\" alt=\"Sch\u00f6nes erstes Licht bei Sonnenaufgang auf dem Berg Kanchenjugha, Himalaya-Gebirge, Sikkim, Indien. Orange Farbton auf den Bergen in der Morgend\u00e4mmerung.\" class=\"wp-image-1161\" srcset=\"https:\/\/thehimalayatreks.com\/wp-content\/uploads\/\/beautiful-first-light-from-sunrise-on-mount-kanchenjugha-himalayan-mountain-range-sikkim-india-orange-tint-on-the-mountains-at-dawn-stockpack-adobe-stock-1024x680.webp 1024w, https:\/\/thehimalayatreks.com\/wp-content\/uploads\/\/beautiful-first-light-from-sunrise-on-mount-kanchenjugha-himalayan-mountain-range-sikkim-india-orange-tint-on-the-mountains-at-dawn-stockpack-adobe-stock-300x199.webp 300w, https:\/\/thehimalayatreks.com\/wp-content\/uploads\/\/beautiful-first-light-from-sunrise-on-mount-kanchenjugha-himalayan-mountain-range-sikkim-india-orange-tint-on-the-mountains-at-dawn-stockpack-adobe-stock-768x510.webp 768w, https:\/\/thehimalayatreks.com\/wp-content\/uploads\/\/beautiful-first-light-from-sunrise-on-mount-kanchenjugha-himalayan-mountain-range-sikkim-india-orange-tint-on-the-mountains-at-dawn-stockpack-adobe-stock-1536x1020.webp 1536w, https:\/\/thehimalayatreks.com\/wp-content\/uploads\/\/beautiful-first-light-from-sunrise-on-mount-kanchenjugha-himalayan-mountain-range-sikkim-india-orange-tint-on-the-mountains-at-dawn-stockpack-adobe-stock-2048x1360.webp 2048w, https:\/\/thehimalayatreks.com\/wp-content\/uploads\/\/beautiful-first-light-from-sunrise-on-mount-kanchenjugha-himalayan-mountain-range-sikkim-india-orange-tint-on-the-mountains-at-dawn-stockpack-adobe-stock-18x12.webp 18w, https:\/\/thehimalayatreks.com\/wp-content\/uploads\/\/beautiful-first-light-from-sunrise-on-mount-kanchenjugha-himalayan-mountain-range-sikkim-india-orange-tint-on-the-mountains-at-dawn-stockpack-adobe-stock-scaled.webp 1920w\" sizes=\"auto, (max-width: 1024px) 100vw, 1024px\" \/><figcaption class=\"wp-element-caption\">Den Sonnenaufgang im Himalaya zu erleben ist ein einzigartiges Erlebnis<\/figcaption><\/figure>\n\n\n\n<p>Wir sind ein aufstrebendes lokales Trekking- und Reiseunternehmen mit <strong>14 Jahre Erfahrung<\/strong>. Bekannt als die <strong>bester Trekkingveranstalter<\/strong> in der Region sind wir auf Trekkingpakete, Abenteuerreisen und Expeditionen in Nepal, Tibet und Bhutan spezialisiert.<\/p>\n\n\n\n<p><strong>Die Himalaya-Treks<\/strong> ist Ihr Tor zu unvergesslichen Abenteuern in der majest\u00e4tischen Landschaft des Himalaya. Von den hoch aufragenden Gipfeln bis hin zu den ruhigen T\u00e4lern f\u00fchren unsere Trecks Abenteurer durch einige der atemberaubendsten Landschaften der Welt.<\/p>\n\n\n\n<p>Wir sind st\u00e4ndig auf der Suche nach neuen Reisezielen und bieten eine Vielzahl von Aktivit\u00e4ten an, darunter Gipfelbesteigungen, River Rafting, Wildnisabenteuer, Mountainbiking und Vogelbeobachtung. Unser Expertenteam widmet sich der Bereitstellung effizienter Dienstleistungen mit einem <strong>Fokus auf Komfort, Sicherheit und Kundenzufriedenheit<\/strong>.<\/p>\n\n\n\n<figure class=\"wp-block-image size-large\"><img decoding=\"async\" src=\"https:\/\/thehimalayatreks.com\/wp-content\/uploads\/gokyo-lake-everest-area-nepal-stockpack-adobe-stock-1024x687.webp\" alt=\"Gokyo-See, Everest-Gebiet, Nepal\" class=\"wp-image-1164\"\/><figcaption class=\"wp-element-caption\">Einige der sch\u00f6nsten Natursch\u00f6nheiten der Welt liegen im Himalaya<\/figcaption><\/figure>\n\n\n\n<p>Ob Sie nun auf Entdeckungsreise sind <strong>Nepals ber\u00fchmte Wanderwege<\/strong> oder weniger bekannte Pfade zu erkunden, jede Reise mit uns bietet eine Mischung aus nat\u00fcrlicher Sch\u00f6nheit, kulturellem Reichtum und Entdeckerfreude.<\/p>\n\n\n\n<p>Mit uns erleben Sie atemberaubende Ausblicke auf die <strong>Himalaya-Gebirge<\/strong>einschlie\u00dflich der hoch aufragenden <strong>Mount Everest<\/strong>und tauchen Sie ein in die einzigartige Kultur und Lebensweise der Sherpa. Obwohl die Pfade Herausforderungen wie steile Anstiege und H\u00f6henunterschiede mit sich bringen, garantiert unser Engagement f\u00fcr Ihr Abenteuer eine lohnende Erfahrung.<\/p>\n\n\n\n<p>Unser Team von <strong>erfahrene und professionelle F\u00fchrer<\/strong> legt gr\u00f6\u00dften Wert auf Ihre Sicherheit und Ihr Vergn\u00fcgen und begleitet Sie bei jedem Schritt dieser bemerkenswerten Reise. Von der Bereitstellung der notwendigen Ausr\u00fcstung bis hin zu nahrhaften Mahlzeiten, <strong>wir k\u00fcmmern uns um alle Details<\/strong>So k\u00f6nnen Sie die atemberaubenden Landschaften und die lebendige Kultur der Region in vollen Z\u00fcgen genie\u00dfen.<\/p>\n\n\n\n<p>Sie k\u00f6nnen <a href=\"https:\/\/thehimalayatreks.com\/de\/\">Sehen Sie sich unsere Erlebnisse an<\/a> f\u00fcr ein einmaliges Erlebnis auf der <strong>Das \"Dach der Welt<\/strong>.<\/p>","protected":false},"excerpt":{"rendered":"<p>Ich habe meine Karriere im Tourismus mit Ende zwanzig als Reiseberaterin begonnen. Als 30-j\u00e4hriger Tourismusveteran zeichne ich mich durch meine einzigartigen Techniken und F\u00e4higkeiten in dieser Branche aus. Mit einer legalen Lizenz als Trekking-Guide von NATHAM (National Academy of Tourism and Hotel Management) habe ich mein Interesse in eine Leidenschaft verwandelt. Als ... <a href=\"https:\/\/thehimalayatreks.com\/de\/about-us\/\">Fortsetzung<\/a><\/p>","protected":false},"author":39,"featured_media":0,"parent":0,"menu_order":0,"comment_status":"closed","ping_status":"closed","template":"","meta":{"_acf_changed":false,"footnotes":""},"class_list":["post-39","page","type-page","status-publish","hentry"],"acf":{"page_subheading":"The Himalaya Treks specializes in the best treks in Nepal and unforgettable adventures across the world's most majestic and inspiring mountain range."},"_links":{"self":[{"href":"https:\/\/thehimalayatreks.com\/de\/wp-json\/wp\/v2\/pages\/39","targetHints":{"allow":["GET"]}}],"collection":[{"href":"https:\/\/thehimalayatreks.com\/de\/wp-json\/wp\/v2\/pages"}],"about":[{"href":"https:\/\/thehimalayatreks.com\/de\/wp-json\/wp\/v2\/types\/page"}],"author":[{"embeddable":true,"href":"https:\/\/thehimalayatreks.com\/de\/wp-json\/wp\/v2\/users\/39"}],"replies":[{"embeddable":true,"href":"https:\/\/thehimalayatreks.com\/de\/wp-json\/wp\/v2\/comments?post=39"}],"version-history":[{"count":12,"href":"https:\/\/thehimalayatreks.com\/de\/wp-json\/wp\/v2\/pages\/39\/revisions"}],"predecessor-version":[{"id":1176,"href":"https:\/\/thehimalayatreks.com\/de\/wp-json\/wp\/v2\/pages\/39\/revisions\/1176"}],"wp:attachment":[{"href":"https:\/\/thehimalayatreks.com\/de\/wp-json\/wp\/v2\/media?parent=39"}],"curies":[{"name":"wp","href":"https:\/\/api.w.org\/{rel}","templated":true}]}}